{"id":1271,"date":"2024-05-22T12:22:49","date_gmt":"2024-05-22T12:22:49","guid":{"rendered":"https:\/\/melchers.de\/?page_id=1271"},"modified":"2026-04-07T08:19:30","modified_gmt":"2026-04-07T08:19:30","slug":"kontaktformular","status":"publish","type":"page","link":"https:\/\/www.melchers.de\/en\/kontaktformular\/","title":{"rendered":"Contact form"},"content":{"rendered":"\t\t<div data-elementor-type=\"wp-page\" data-elementor-id=\"1271\" class=\"elementor elementor-1271\" data-elementor-post-type=\"page\">\n\t\t\t\t<div class=\"elementor-element elementor-element-5cbe6b5 e-con-full e-flex e-con e-parent\" data-id=\"5cbe6b5\" data-element_type=\"container\" data-e-type=\"container\" data-settings=\"{&quot;background_background&quot;:&quot;classic&quot;}\">\n\t\t<div class=\"elementor-element elementor-element-04891d8 e-con-full e-flex e-con e-child\" data-id=\"04891d8\" data-element_type=\"container\" data-e-type=\"container\" data-settings=\"{&quot;background_background&quot;:&quot;classic&quot;}\">\n\t\t\t\t<div class=\"elementor-element elementor-element-7c4b6cd elementor-widget elementor-widget-heading\" data-id=\"7c4b6cd\" data-element_type=\"widget\" data-e-type=\"widget\" data-widget_type=\"heading.default\">\n\t\t\t\t<div class=\"elementor-widget-container\">\n\t\t\t\t\t<h1 class=\"elementor-heading-title elementor-size-default\">Kontaktformular<\/h1>\t\t\t\t<\/div>\n\t\t\t\t<\/div>\n\t\t\t\t<\/div>\n\t\t\t\t<\/div>\n\t\t<div class=\"elementor-element elementor-element-7a45c50 e-con-full e-flex e-con e-parent\" data-id=\"7a45c50\" data-element_type=\"container\" data-e-type=\"container\" data-settings=\"{&quot;background_background&quot;:&quot;classic&quot;}\">\n\t\t<div class=\"elementor-element elementor-element-0dce04f e-con-full e-flex e-con e-child\" data-id=\"0dce04f\" data-element_type=\"container\" data-e-type=\"container\">\n\t\t\t\t<div class=\"elementor-element elementor-element-9efc526 elementor-widget elementor-widget-heading\" data-id=\"9efc526\" data-element_type=\"widget\" data-e-type=\"widget\" data-widget_type=\"heading.default\">\n\t\t\t\t<div class=\"elementor-widget-container\">\n\t\t\t\t\t<h2 class=\"elementor-heading-title elementor-size-default\">Wir freuen uns auf Ihre Nachricht!<\/h2>\t\t\t\t<\/div>\n\t\t\t\t<\/div>\n\t\t<div class=\"elementor-element elementor-element-d150ae9 e-con-full e-flex e-con e-child\" data-id=\"d150ae9\" data-element_type=\"container\" data-e-type=\"container\">\n\t\t\t\t<div class=\"elementor-element elementor-element-c4a6c63 elementor-widget-tablet__width-inherit elementor-button-align-stretch elementor-widget elementor-widget-form\" data-id=\"c4a6c63\" data-element_type=\"widget\" data-e-type=\"widget\" data-settings=\"{&quot;step_next_label&quot;:&quot;Next&quot;,&quot;step_previous_label&quot;:&quot;Previous&quot;,&quot;button_width&quot;:&quot;100&quot;,&quot;step_type&quot;:&quot;number_text&quot;,&quot;step_icon_shape&quot;:&quot;circle&quot;}\" data-widget_type=\"form.default\">\n\t\t\t\t<div class=\"elementor-widget-container\">\n\t\t\t\t\t\t\t<form class=\"elementor-form\" method=\"post\" name=\"Contact Form\" aria-label=\"Contact Form\">\n\t\t\t<input type=\"hidden\" name=\"post_id\" value=\"1271\"\/>\n\t\t\t<input type=\"hidden\" name=\"form_id\" value=\"c4a6c63\"\/>\n\t\t\t<input type=\"hidden\" name=\"referer_title\" value=\"Kontaktformular | Melchers\" \/>\n\n\t\t\t\t\t\t\t<input type=\"hidden\" name=\"queried_id\" value=\"1271\"\/>\n\t\t\t\n\t\t\t<div class=\"elementor-form-fields-wrapper elementor-labels-\">\n\t\t\t\t\t\t\t\t<div class=\"elementor-field-type-text elementor-field-group elementor-column elementor-field-group-name elementor-col-100\">\n\t\t\t\t\t\t\t\t\t\t\t\t<label for=\"form-field-name\" class=\"elementor-field-label elementor-screen-only\">\n\t\t\t\t\t\t\t\tName\t\t\t\t\t\t\t<\/label>\n\t\t\t\t\t\t\t\t\t\t\t\t\t\t<input size=\"1\" type=\"text\" name=\"form_fields[name]\" id=\"form-field-name\" class=\"elementor-field elementor-size-sm  elementor-field-textual\" placeholder=\"Name\">\n\t\t\t\t\t\t\t\t\t\t\t<\/div>\n\t\t\t\t\t\t\t\t<div class=\"elementor-field-type-email elementor-field-group elementor-column elementor-field-group-email elementor-col-100 elementor-field-required\">\n\t\t\t\t\t\t\t\t\t\t\t\t<label for=\"form-field-email\" class=\"elementor-field-label elementor-screen-only\">\n\t\t\t\t\t\t\t\tE-Mail\t\t\t\t\t\t\t<\/label>\n\t\t\t\t\t\t\t\t\t\t\t\t\t\t<input size=\"1\" type=\"email\" name=\"form_fields[email]\" id=\"form-field-email\" class=\"elementor-field elementor-size-sm  elementor-field-textual\" placeholder=\"E-Mail\" required=\"required\">\n\t\t\t\t\t\t\t\t\t\t\t<\/div>\n\t\t\t\t\t\t\t\t<div class=\"elementor-field-type-textarea elementor-field-group elementor-column elementor-field-group-message elementor-col-100\">\n\t\t\t\t\t\t\t\t\t\t\t\t<label for=\"form-field-message\" class=\"elementor-field-label elementor-screen-only\">\n\t\t\t\t\t\t\t\tNachricht\t\t\t\t\t\t\t<\/label>\n\t\t\t\t\t\t<textarea class=\"elementor-field-textual elementor-field  elementor-size-sm\" name=\"form_fields[message]\" id=\"form-field-message\" rows=\"4\" placeholder=\"Nachricht\"><\/textarea>\t\t\t\t<\/div>\n\t\t\t\t\t\t\t\t<div class=\"elementor-field-type-recaptcha_v3 elementor-field-group elementor-column elementor-field-group-field_97e9fb7 elementor-col-100 recaptcha_v3-inline\">\n\t\t\t\t\t<div class=\"elementor-field\" id=\"form-field-field_97e9fb7\"><div class=\"elementor-g-recaptcha\" data-sitekey=\"6LfbuVMsAAAAACStC5TmlGccaBTEctRW-gkRhgQ8\" data-type=\"v3\" data-action=\"Form\" data-badge=\"inline\" data-size=\"invisible\"><\/div><\/div>\t\t\t\t<\/div>\n\t\t\t\t\t\t\t\t<div class=\"elementor-field-group elementor-column elementor-field-type-submit elementor-col-100 e-form__buttons\">\n\t\t\t\t\t<button class=\"elementor-button elementor-size-sm\" type=\"submit\">\n\t\t\t\t\t\t<span class=\"elementor-button-content-wrapper\">\n\t\t\t\t\t\t\t\t\t\t\t\t\t\t\t\t\t\t\t\t\t\t<span class=\"elementor-button-text\">Senden<\/span>\n\t\t\t\t\t\t\t\t\t\t\t\t\t<\/span>\n\t\t\t\t\t<\/button>\n\t\t\t\t<\/div>\n\t\t\t<\/div>\n\t\t<\/form>\n\t\t\t\t\t\t<\/div>\n\t\t\t\t<\/div>\n\t\t\t\t<div class=\"elementor-element elementor-element-fc64230 elementor-widget elementor-widget-text-editor\" data-id=\"fc64230\" data-element_type=\"widget\" data-e-type=\"widget\" data-widget_type=\"text-editor.default\">\n\t\t\t\t<div class=\"elementor-widget-container\">\n\t\t\t\t\t\t\t\t\t<p><em>Ich verstehe, dass ich durch die Kontaktaufnahme mit Melchers der Erhebung und Verarbeitung meiner personenbezogenen Daten zum Zweck der Erbringung von Business\u2011Services gem\u00e4\u00df der DSGVO zustimme. Mir ist bewusst, dass ich meine Einwilligung jederzeit widerrufen kann.<\/em><\/p><p><em>Weitere Informationen zu unseren Datenschutzpraktiken und dazu, wie wir Ihre Privatsph\u00e4re sch\u00fctzen und respektieren, oder um Ihre Einwilligung zu widerrufen, finden Sie in unserer\u00a0<a href=\"https:\/\/www.melchers.de\/datenschutzerklarung\/\">Datenschutzerkl\u00e4rung<\/a>.<\/em><\/p>\t\t\t\t\t\t\t\t<\/div>\n\t\t\t\t<\/div>\n\t\t\t\t<\/div>\n\t\t\t\t<\/div>\n\t\t\t\t<\/div>\n\t\t\t\t<\/div>\n\t\t","protected":false},"excerpt":{"rendered":"<p>Kontaktformular Wir freuen uns auf Ihre Nachricht! Ich verstehe, dass ich durch die Kontaktaufnahme mit Melchers der Erhebung und Verarbeitung meiner personenbezogenen Daten zum Zweck der Erbringung von Business\u2011Services gem\u00e4\u00df der DSGVO zustimme. Mir ist bewusst, dass ich meine Einwilligung jederzeit widerrufen kann. Weitere Informationen zu unseren Datenschutzpraktiken und dazu, wie wir Ihre Privatsph\u00e4re sch\u00fctzen [&hellip;]<\/p>\n","protected":false},"author":6,"featured_media":0,"parent":0,"menu_order":0,"comment_status":"closed","ping_status":"closed","template":"","meta":{"_acf_changed":false,"content-type":"","footnotes":""},"class_list":["post-1271","page","type-page","status-publish","hentry"],"acf":[],"yoast_head":"<!-- This site is optimized with the Yoast SEO plugin v27.3 - https:\/\/yoast.com\/product\/yoast-seo-wordpress\/ -->\n<title>Kontaktformular | Melchers<\/title>\n<meta name=\"description\" content=\"Kontaktformular | Wir freuen uns \u00fcber Ihre Nachricht. | Wir helfen Ihnen, M\u00e4rkte zu erschlie\u00dfen und auszubauen. | Melchers\" \/>\n<meta name=\"robots\" content=\"index, follow, max-snippet:-1, max-image-preview:large, max-video-preview:-1\" \/>\n<link rel=\"canonical\" href=\"https:\/\/www.melchers.de\/en\/kontaktformular\/\" \/>\n<meta property=\"og:locale\" content=\"en_US\" \/>\n<meta property=\"og:type\" content=\"article\" \/>\n<meta property=\"og:title\" content=\"Kontaktformular | Melchers\" \/>\n<meta property=\"og:description\" content=\"Wir freuen uns \u00fcber Ihre Nachricht \u00fcber unser Kontaktformular oder per Mail.\" \/>\n<meta property=\"og:url\" content=\"https:\/\/www.melchers.de\/en\/kontaktformular\/\" \/>\n<meta property=\"og:site_name\" content=\"C. Melchers GmbH &amp; Co. KG\" \/>\n<meta property=\"article:modified_time\" content=\"2026-04-07T08:19:30+00:00\" \/>\n<meta property=\"og:image\" content=\"https:\/\/www.melchers.de\/wp-content\/uploads\/2024\/04\/Melchers_Bildmarke_2021_RGB_RZ.png\" \/>\n\t<meta property=\"og:image:width\" content=\"500\" \/>\n\t<meta property=\"og:image:height\" content=\"470\" \/>\n\t<meta property=\"og:image:type\" content=\"image\/png\" \/>\n<meta name=\"twitter:card\" content=\"summary_large_image\" \/>\n<meta name=\"twitter:label1\" content=\"Est. reading time\" \/>\n\t<meta name=\"twitter:data1\" content=\"1 minute\" \/>\n<script type=\"application\/ld+json\" class=\"yoast-schema-graph\">{\"@context\":\"https:\\\/\\\/schema.org\",\"@graph\":[{\"@type\":\"WebPage\",\"@id\":\"https:\\\/\\\/www.melchers.de\\\/kontaktformular\\\/\",\"url\":\"https:\\\/\\\/www.melchers.de\\\/kontaktformular\\\/\",\"name\":\"Kontaktformular | Melchers\",\"isPartOf\":{\"@id\":\"https:\\\/\\\/www.melchers.de\\\/#website\"},\"datePublished\":\"2024-05-22T12:22:49+00:00\",\"dateModified\":\"2026-04-07T08:19:30+00:00\",\"description\":\"Kontaktformular | Wir freuen uns \u00fcber Ihre Nachricht. | Wir helfen Ihnen, M\u00e4rkte zu erschlie\u00dfen und auszubauen. | Melchers\",\"breadcrumb\":{\"@id\":\"https:\\\/\\\/www.melchers.de\\\/kontaktformular\\\/#breadcrumb\"},\"inLanguage\":\"en-US\",\"potentialAction\":[{\"@type\":\"ReadAction\",\"target\":[\"https:\\\/\\\/www.melchers.de\\\/kontaktformular\\\/\"]}]},{\"@type\":\"BreadcrumbList\",\"@id\":\"https:\\\/\\\/www.melchers.de\\\/kontaktformular\\\/#breadcrumb\",\"itemListElement\":[{\"@type\":\"ListItem\",\"position\":1,\"name\":\"Home\",\"item\":\"https:\\\/\\\/www.melchers.de\\\/\"},{\"@type\":\"ListItem\",\"position\":2,\"name\":\"Kontaktformular\"}]},{\"@type\":\"WebSite\",\"@id\":\"https:\\\/\\\/www.melchers.de\\\/#website\",\"url\":\"https:\\\/\\\/www.melchers.de\\\/\",\"name\":\"C. Melchers GmbH &amp; Co. KG\",\"description\":\"\",\"publisher\":{\"@id\":\"https:\\\/\\\/www.melchers.de\\\/#organization\"},\"potentialAction\":[{\"@type\":\"SearchAction\",\"target\":{\"@type\":\"EntryPoint\",\"urlTemplate\":\"https:\\\/\\\/www.melchers.de\\\/?s={search_term_string}\"},\"query-input\":{\"@type\":\"PropertyValueSpecification\",\"valueRequired\":true,\"valueName\":\"search_term_string\"}}],\"inLanguage\":\"en-US\"},{\"@type\":\"Organization\",\"@id\":\"https:\\\/\\\/www.melchers.de\\\/#organization\",\"name\":\"C. Melchers GmbH &amp; Co. KG\",\"url\":\"https:\\\/\\\/www.melchers.de\\\/\",\"logo\":{\"@type\":\"ImageObject\",\"inLanguage\":\"en-US\",\"@id\":\"https:\\\/\\\/www.melchers.de\\\/#\\\/schema\\\/logo\\\/image\\\/\",\"url\":\"https:\\\/\\\/www.melchers.de\\\/wp-content\\\/uploads\\\/2024\\\/04\\\/Melchers_Logo_2021_RGB_RZ.png\",\"contentUrl\":\"https:\\\/\\\/www.melchers.de\\\/wp-content\\\/uploads\\\/2024\\\/04\\\/Melchers_Logo_2021_RGB_RZ.png\",\"width\":1000,\"height\":410,\"caption\":\"C. Melchers GmbH &amp; Co. KG\"},\"image\":{\"@id\":\"https:\\\/\\\/www.melchers.de\\\/#\\\/schema\\\/logo\\\/image\\\/\"}}]}<\/script>\n<!-- \/ Yoast SEO plugin. -->","yoast_head_json":{"title":"Contact form | Melchers","description":"Contact Form | We look forward to hear from you. | We help you to develop and expand markets. | Melchers","robots":{"index":"index","follow":"follow","max-snippet":"max-snippet:-1","max-image-preview":"max-image-preview:large","max-video-preview":"max-video-preview:-1"},"canonical":"https:\/\/www.melchers.de\/en\/kontaktformular\/","og_locale":"en_US","og_type":"article","og_title":"Kontaktformular | Melchers","og_description":"Wir freuen uns \u00fcber Ihre Nachricht \u00fcber unser Kontaktformular oder per Mail.","og_url":"https:\/\/www.melchers.de\/en\/kontaktformular\/","og_site_name":"C. Melchers GmbH &amp; Co. KG","article_modified_time":"2026-04-07T08:19:30+00:00","og_image":[{"width":500,"height":470,"url":"https:\/\/www.melchers.de\/wp-content\/uploads\/2024\/04\/Melchers_Bildmarke_2021_RGB_RZ.png","type":"image\/png"}],"twitter_card":"summary_large_image","twitter_misc":{"Est. reading time":"1 minute"},"schema":{"@context":"https:\/\/schema.org","@graph":[{"@type":"WebPage","@id":"https:\/\/www.melchers.de\/kontaktformular\/","url":"https:\/\/www.melchers.de\/kontaktformular\/","name":"Contact form | Melchers","isPartOf":{"@id":"https:\/\/www.melchers.de\/#website"},"datePublished":"2024-05-22T12:22:49+00:00","dateModified":"2026-04-07T08:19:30+00:00","description":"Contact Form | We look forward to hear from you. | We help you to develop and expand markets. | Melchers","breadcrumb":{"@id":"https:\/\/www.melchers.de\/kontaktformular\/#breadcrumb"},"inLanguage":"en-US","potentialAction":[{"@type":"ReadAction","target":["https:\/\/www.melchers.de\/kontaktformular\/"]}]},{"@type":"BreadcrumbList","@id":"https:\/\/www.melchers.de\/kontaktformular\/#breadcrumb","itemListElement":[{"@type":"ListItem","position":1,"name":"Home","item":"https:\/\/www.melchers.de\/"},{"@type":"ListItem","position":2,"name":"Kontaktformular"}]},{"@type":"WebSite","@id":"https:\/\/www.melchers.de\/#website","url":"https:\/\/www.melchers.de\/","name":"C. Melchers GmbH &amp; Co. KG","description":"","publisher":{"@id":"https:\/\/www.melchers.de\/#organization"},"potentialAction":[{"@type":"SearchAction","target":{"@type":"EntryPoint","urlTemplate":"https:\/\/www.melchers.de\/?s={search_term_string}"},"query-input":{"@type":"PropertyValueSpecification","valueRequired":true,"valueName":"search_term_string"}}],"inLanguage":"en-US"},{"@type":"Organization","@id":"https:\/\/www.melchers.de\/#organization","name":"C. Melchers GmbH &amp; Co. KG","url":"https:\/\/www.melchers.de\/","logo":{"@type":"ImageObject","inLanguage":"en-US","@id":"https:\/\/www.melchers.de\/#\/schema\/logo\/image\/","url":"https:\/\/www.melchers.de\/wp-content\/uploads\/2024\/04\/Melchers_Logo_2021_RGB_RZ.png","contentUrl":"https:\/\/www.melchers.de\/wp-content\/uploads\/2024\/04\/Melchers_Logo_2021_RGB_RZ.png","width":1000,"height":410,"caption":"C. Melchers GmbH &amp; Co. KG"},"image":{"@id":"https:\/\/www.melchers.de\/#\/schema\/logo\/image\/"}}]}},"_links":{"self":[{"href":"https:\/\/www.melchers.de\/en\/wp-json\/wp\/v2\/pages\/1271","targetHints":{"allow":["GET"]}}],"collection":[{"href":"https:\/\/www.melchers.de\/en\/wp-json\/wp\/v2\/pages"}],"about":[{"href":"https:\/\/www.melchers.de\/en\/wp-json\/wp\/v2\/types\/page"}],"author":[{"embeddable":true,"href":"https:\/\/www.melchers.de\/en\/wp-json\/wp\/v2\/users\/6"}],"replies":[{"embeddable":true,"href":"https:\/\/www.melchers.de\/en\/wp-json\/wp\/v2\/comments?post=1271"}],"version-history":[{"count":94,"href":"https:\/\/www.melchers.de\/en\/wp-json\/wp\/v2\/pages\/1271\/revisions"}],"predecessor-version":[{"id":7114,"href":"https:\/\/www.melchers.de\/en\/wp-json\/wp\/v2\/pages\/1271\/revisions\/7114"}],"wp:attachment":[{"href":"https:\/\/www.melchers.de\/en\/wp-json\/wp\/v2\/media?parent=1271"}],"curies":[{"name":"wp","href":"https:\/\/api.w.org\/{rel}","templated":true}]}}