{"id":177,"date":"2024-04-21T14:51:24","date_gmt":"2024-04-21T14:51:24","guid":{"rendered":"https:\/\/melchers.de\/?page_id=177"},"modified":"2025-12-12T07:10:07","modified_gmt":"2025-12-12T07:10:07","slug":"career","status":"publish","type":"page","link":"https:\/\/www.melchers.de\/en\/karriere\/","title":{"rendered":"Career"},"content":{"rendered":"<div data-elementor-type=\"wp-page\" data-elementor-id=\"177\" class=\"elementor elementor-177\" data-elementor-post-type=\"page\">\n\t\t\t\t<div class=\"elementor-element elementor-element-5cbe6b5 e-con-full e-flex e-con e-parent\" data-id=\"5cbe6b5\" data-element_type=\"container\" data-e-type=\"container\" data-settings=\"{&quot;background_background&quot;:&quot;classic&quot;}\">\n\t\t<div class=\"elementor-element elementor-element-04891d8 e-con-full e-flex e-con e-child\" data-id=\"04891d8\" data-element_type=\"container\" data-e-type=\"container\" data-settings=\"{&quot;background_background&quot;:&quot;classic&quot;}\">\n\t\t\t\t<div class=\"elementor-element elementor-element-7c4b6cd elementor-widget elementor-widget-heading\" data-id=\"7c4b6cd\" data-element_type=\"widget\" data-e-type=\"widget\" data-widget_type=\"heading.default\">\n\t\t\t\t<div class=\"elementor-widget-container\">\n\t\t\t\t\t<h1 class=\"elementor-heading-title elementor-size-default\">GLOBAL CAREER OPPORTUNITIES,<br>\nEXCITING PERSPECTIVES<\/h1>\t\t\t\t<\/div>\n\t\t\t\t<\/div>\n\t\t\t\t<\/div>\n\t\t\t\t<\/div>\n\t\t<div class=\"elementor-element elementor-element-7a45c50 e-con-full e-flex e-con e-parent\" data-id=\"7a45c50\" data-element_type=\"container\" data-e-type=\"container\" data-settings=\"{&quot;background_background&quot;:&quot;classic&quot;}\">\n\t\t<div class=\"elementor-element elementor-element-0dce04f e-con-full e-flex e-con e-child\" data-id=\"0dce04f\" data-element_type=\"container\" data-e-type=\"container\">\n\t\t\t\t<div class=\"elementor-element elementor-element-e6b7a37 elementor-widget elementor-widget-text-editor\" data-id=\"e6b7a37\" data-element_type=\"widget\" data-e-type=\"widget\" data-widget_type=\"text-editor.default\">\n\t\t\t\t<div class=\"elementor-widget-container\">\n\t\t\t\t\t\t\t\t\t<p>Long-term relationships are important for us, both to our customers and to our colleagues. For more than 200 years we know what is relevant: reliability and trust, financial security, exciting prospects and, last but not least, respectful and appreciative treatment regardless of person or position.<\/p><p>At Melchers we offer global career opportunities, numerous professional and personal development opportunities and attractive salary packages. We are convinced that Melchers is only as good as its employees. Our employees are the local experts and provide the first-class service that our customers appreciate all over the world.<\/p><p>Are you interested to join our team? Discover our vacancies, internships and student programs.<\/p>\t\t\t\t\t\t\t\t<\/div>\n\t\t\t\t<\/div>\n\t\t\t\t<div data-ra-url=\"https:\/\/melchers-ausbildung.de\/\" data-ra-target=\"_blank\" class=\"ra-clickable-wrapper elementor-element elementor-element-193d1f9 elementor-widget elementor-widget-image\" style=\"cursor:pointer;\" data-id=\"193d1f9\" data-element_type=\"widget\" data-e-type=\"widget\" data-widget_type=\"image.default\">\n\t\t\t\t<div class=\"elementor-widget-container\">\n\t\t\t\t\t\t\t\t\t\t\t\t\t\t\t<img decoding=\"async\" width=\"260\" height=\"70\" src=\"https:\/\/www.melchers.de\/wp-content\/uploads\/2025\/12\/hk_digitaler-aufkleber-wir-bilden-aus-2025-2026_3c.svg\" class=\"attachment-medium size-medium wp-image-6865\" alt=\"\" \/>\t\t\t\t\t\t\t\t\t\t\t\t\t\t\t<\/div>\n\t\t\t\t<\/div>\n\t\t\t\t<\/div>\n\t\t\t\t<\/div>\n\t\t<div class=\"elementor-element elementor-element-4227556 e-con-full e-flex e-con e-parent\" data-id=\"4227556\" data-element_type=\"container\" data-e-type=\"container\" data-settings=\"{&quot;background_background&quot;:&quot;classic&quot;}\">\n\t\t<div class=\"elementor-element elementor-element-a1782fc e-con-full e-flex e-con e-child\" data-id=\"a1782fc\" data-element_type=\"container\" data-e-type=\"container\" data-settings=\"{&quot;background_background&quot;:&quot;classic&quot;}\">\n\t\t\t\t<div data-ra-url=\"https:\/\/melchers-ausbildung.de\/\" data-ra-target=\"_blank\" class=\"ra-clickable-wrapper elementor-element elementor-element-eb71f60 elementor-widget elementor-widget-spacer\" style=\"cursor:pointer;\" data-id=\"eb71f60\" data-element_type=\"widget\" data-e-type=\"widget\" data-widget_type=\"spacer.default\">\n\t\t\t\t<div class=\"elementor-widget-container\">\n\t\t\t\t\t\t\t<div class=\"elementor-spacer\">\n\t\t\t<div class=\"elementor-spacer-inner\"><\/div>\n\t\t<\/div>\n\t\t\t\t\t\t<\/div>\n\t\t\t\t<\/div>\n\t\t\t\t<div class=\"elementor-element elementor-element-769cb52 elementor-widget elementor-widget-button\" data-id=\"769cb52\" data-element_type=\"widget\" data-e-type=\"widget\" data-widget_type=\"button.default\">\n\t\t\t\t<div class=\"elementor-widget-container\">\n\t\t\t\t\t\t\t\t\t<div class=\"elementor-button-wrapper\">\n\t\t\t\t\t<a class=\"elementor-button elementor-button-link elementor-size-sm\" href=\"https:\/\/melchers-ausbildung.de\/\" target=\"_blank\">\n\t\t\t\t\t\t<span class=\"elementor-button-content-wrapper\">\n\t\t\t\t\t\t<span class=\"elementor-button-icon\">\n\t\t\t\t<svg aria-hidden=\"true\" class=\"e-font-icon-svg e-fas-chevron-right\" viewbox=\"0 0 320 512\" xmlns=\"http:\/\/www.w3.org\/2000\/svg\"><path d=\"M285.476 272.971L91.132 467.314c-9.373 9.373-24.569 9.373-33.941 0l-22.667-22.667c-9.357-9.357-9.375-24.522-.04-33.901L188.505 256 34.484 101.255c-9.335-9.379-9.317-24.544.04-33.901l22.667-22.667c9.373-9.373 24.569-9.373 33.941 0L285.475 239.03c9.373 9.372 9.373 24.568.001 33.941z\"><\/path><\/svg>\t\t\t<\/span>\n\t\t\t\t\t\t\t\t\t<span class=\"elementor-button-text\">Training &amp; Education<\/span>\n\t\t\t\t\t<\/span>\n\t\t\t\t\t<\/a>\n\t\t\t\t<\/div>\n\t\t\t\t\t\t\t\t<\/div>\n\t\t\t\t<\/div>\n\t\t\t\t<\/div>\n\t\t<div class=\"elementor-element elementor-element-484b17d e-con-full e-flex e-con e-child\" data-id=\"484b17d\" data-element_type=\"container\" data-e-type=\"container\" data-settings=\"{&quot;background_background&quot;:&quot;classic&quot;}\">\n\t\t\t\t<div class=\"elementor-element elementor-element-854615e elementor-widget elementor-widget-spacer\" data-id=\"854615e\" data-element_type=\"widget\" data-e-type=\"widget\" data-widget_type=\"spacer.default\">\n\t\t\t\t<div class=\"elementor-widget-container\">\n\t\t\t\t\t\t\t<div class=\"elementor-spacer\">\n\t\t\t<div class=\"elementor-spacer-inner\"><\/div>\n\t\t<\/div>\n\t\t\t\t\t\t<\/div>\n\t\t\t\t<\/div>\n\t\t\t\t<div class=\"elementor-element elementor-element-06aee3d elementor-align-right elementor-mobile-align-right elementor-widget elementor-widget-button\" data-id=\"06aee3d\" data-element_type=\"widget\" data-e-type=\"widget\" data-widget_type=\"button.default\">\n\t\t\t\t<div class=\"elementor-widget-container\">\n\t\t\t\t\t\t\t\t\t<div class=\"elementor-button-wrapper\">\n\t\t\t\t\t<a class=\"elementor-button elementor-button-link elementor-size-sm\" href=\"https:\/\/www.melchers.de\/en\/praktikum\/\">\n\t\t\t\t\t\t<span class=\"elementor-button-content-wrapper\">\n\t\t\t\t\t\t<span class=\"elementor-button-icon\">\n\t\t\t\t<svg aria-hidden=\"true\" class=\"e-font-icon-svg e-fas-chevron-right\" viewbox=\"0 0 320 512\" xmlns=\"http:\/\/www.w3.org\/2000\/svg\"><path d=\"M285.476 272.971L91.132 467.314c-9.373 9.373-24.569 9.373-33.941 0l-22.667-22.667c-9.357-9.357-9.375-24.522-.04-33.901L188.505 256 34.484 101.255c-9.335-9.379-9.317-24.544.04-33.901l22.667-22.667c9.373-9.373 24.569-9.373 33.941 0L285.475 239.03c9.373 9.372 9.373 24.568.001 33.941z\"><\/path><\/svg>\t\t\t<\/span>\n\t\t\t\t\t\t\t\t\t<span class=\"elementor-button-text\">Praktikum &amp; Studentenprogramme<\/span>\n\t\t\t\t\t<\/span>\n\t\t\t\t\t<\/a>\n\t\t\t\t<\/div>\n\t\t\t\t\t\t\t\t<\/div>\n\t\t\t\t<\/div>\n\t\t\t\t<\/div>\n\t\t<div class=\"elementor-element elementor-element-5a1e095 e-con-full e-flex e-con e-child\" data-id=\"5a1e095\" data-element_type=\"container\" data-e-type=\"container\" data-settings=\"{&quot;background_background&quot;:&quot;classic&quot;}\">\n\t\t\t\t<div class=\"elementor-element elementor-element-adced71 elementor-widget elementor-widget-spacer\" data-id=\"adced71\" data-element_type=\"widget\" data-e-type=\"widget\" data-widget_type=\"spacer.default\">\n\t\t\t\t<div class=\"elementor-widget-container\">\n\t\t\t\t\t\t\t<div class=\"elementor-spacer\">\n\t\t\t<div class=\"elementor-spacer-inner\"><\/div>\n\t\t<\/div>\n\t\t\t\t\t\t<\/div>\n\t\t\t\t<\/div>\n\t\t\t\t<div class=\"elementor-element elementor-element-2d272fb elementor-widget elementor-widget-button\" data-id=\"2d272fb\" data-element_type=\"widget\" data-e-type=\"widget\" data-widget_type=\"button.default\">\n\t\t\t\t<div class=\"elementor-widget-container\">\n\t\t\t\t\t\t\t\t\t<div class=\"elementor-button-wrapper\">\n\t\t\t\t\t<a class=\"elementor-button elementor-button-link elementor-size-sm\" href=\"https:\/\/www.melchers.de\/en\/offene-stellen\/\">\n\t\t\t\t\t\t<span class=\"elementor-button-content-wrapper\">\n\t\t\t\t\t\t<span class=\"elementor-button-icon\">\n\t\t\t\t<svg aria-hidden=\"true\" class=\"e-font-icon-svg e-fas-chevron-right\" viewbox=\"0 0 320 512\" xmlns=\"http:\/\/www.w3.org\/2000\/svg\"><path d=\"M285.476 272.971L91.132 467.314c-9.373 9.373-24.569 9.373-33.941 0l-22.667-22.667c-9.357-9.357-9.375-24.522-.04-33.901L188.505 256 34.484 101.255c-9.335-9.379-9.317-24.544.04-33.901l22.667-22.667c9.373-9.373 24.569-9.373 33.941 0L285.475 239.03c9.373 9.372 9.373 24.568.001 33.941z\"><\/path><\/svg>\t\t\t<\/span>\n\t\t\t\t\t\t\t\t\t<span class=\"elementor-button-text\">Vacancies<\/span>\n\t\t\t\t\t<\/span>\n\t\t\t\t\t<\/a>\n\t\t\t\t<\/div>\n\t\t\t\t\t\t\t\t<\/div>\n\t\t\t\t<\/div>\n\t\t\t\t<\/div>\n\t\t\t\t<\/div>\n\t\t\t\t<\/div>","protected":false},"excerpt":{"rendered":"<p>WELTWEITE KARRIERECHANCEN, SPANNENDE PERSPEKTIVEN Langfristige Beziehungen liegen uns als Unternehmen am Herzen. Das gilt f\u00fcr unsere Kunden, aber auch f\u00fcr unsere Kolleginnen und Kollegen. Seit \u00fcber 200 Jahren wissen wir, worauf es ankommt: Verl\u00e4sslichkeit und Vertrauen, finanzielle Sicherheit, spannende Perspektiven und nicht zuletzt einen respektvollen und wertsch\u00e4tzenden Umgang unabh\u00e4ngig von Person und Position. Aus diesem [&hellip;]<\/p>\n","protected":false},"author":6,"featured_media":0,"parent":0,"menu_order":0,"comment_status":"closed","ping_status":"closed","template":"","meta":{"_acf_changed":false,"content-type":"","footnotes":""},"class_list":["post-177","page","type-page","status-publish","hentry"],"acf":[],"yoast_head":"<!-- This site is optimized with the Yoast SEO plugin v27.3 - https:\/\/yoast.com\/product\/yoast-seo-wordpress\/ -->\n<title>Karriere | Melchers<\/title>\n<meta name=\"description\" content=\"Weltweite Karrierechancen | Spannende Perspektiven | Karrierem\u00f6glichkeiten in der Melchers Gruppe | Melchers\" \/>\n<meta name=\"robots\" content=\"index, follow, max-snippet:-1, max-image-preview:large, max-video-preview:-1\" \/>\n<link rel=\"canonical\" href=\"https:\/\/www.melchers.de\/en\/career\/\" \/>\n<meta property=\"og:locale\" content=\"en_US\" \/>\n<meta property=\"og:type\" content=\"article\" \/>\n<meta property=\"og:title\" content=\"Karriere | Melchers\" \/>\n<meta property=\"og:description\" content=\"Weltweite Karrierechancen und spannende Perspektiven: Informieren Sie sich hier \u00fcber die Karrierem\u00f6glichkeiten der Melchers Gruppe.\" \/>\n<meta property=\"og:url\" content=\"https:\/\/www.melchers.de\/en\/career\/\" \/>\n<meta property=\"og:site_name\" content=\"C. Melchers GmbH &amp; Co. KG\" \/>\n<meta property=\"article:modified_time\" content=\"2025-12-12T07:10:07+00:00\" \/>\n<meta property=\"og:image\" content=\"https:\/\/www.melchers.de\/wp-content\/uploads\/2024\/04\/Melchers_Bildmarke_2021_RGB_RZ.png\" \/>\n\t<meta property=\"og:image:width\" content=\"500\" \/>\n\t<meta property=\"og:image:height\" content=\"470\" \/>\n\t<meta property=\"og:image:type\" content=\"image\/png\" \/>\n<meta name=\"twitter:card\" content=\"summary_large_image\" \/>\n<meta name=\"twitter:label1\" content=\"Est. reading time\" \/>\n\t<meta name=\"twitter:data1\" content=\"1 minute\" \/>\n<script type=\"application\/ld+json\" class=\"yoast-schema-graph\">{\"@context\":\"https:\\\/\\\/schema.org\",\"@graph\":[{\"@type\":\"WebPage\",\"@id\":\"https:\\\/\\\/www.melchers.de\\\/karriere\\\/\",\"url\":\"https:\\\/\\\/www.melchers.de\\\/karriere\\\/\",\"name\":\"Karriere | Melchers\",\"isPartOf\":{\"@id\":\"https:\\\/\\\/www.melchers.de\\\/#website\"},\"primaryImageOfPage\":{\"@id\":\"https:\\\/\\\/www.melchers.de\\\/karriere\\\/#primaryimage\"},\"image\":{\"@id\":\"https:\\\/\\\/www.melchers.de\\\/karriere\\\/#primaryimage\"},\"thumbnailUrl\":\"https:\\\/\\\/www.melchers.de\\\/wp-content\\\/uploads\\\/2025\\\/12\\\/hk_digitaler-aufkleber-wir-bilden-aus-2025-2026_3c.svg\",\"datePublished\":\"2024-04-21T14:51:24+00:00\",\"dateModified\":\"2025-12-12T07:10:07+00:00\",\"description\":\"Weltweite Karrierechancen | Spannende Perspektiven | Karrierem\u00f6glichkeiten in der Melchers Gruppe | Melchers\",\"breadcrumb\":{\"@id\":\"https:\\\/\\\/www.melchers.de\\\/karriere\\\/#breadcrumb\"},\"inLanguage\":\"en-US\",\"potentialAction\":[{\"@type\":\"ReadAction\",\"target\":[\"https:\\\/\\\/www.melchers.de\\\/karriere\\\/\"]}]},{\"@type\":\"ImageObject\",\"inLanguage\":\"en-US\",\"@id\":\"https:\\\/\\\/www.melchers.de\\\/karriere\\\/#primaryimage\",\"url\":\"https:\\\/\\\/www.melchers.de\\\/wp-content\\\/uploads\\\/2025\\\/12\\\/hk_digitaler-aufkleber-wir-bilden-aus-2025-2026_3c.svg\",\"contentUrl\":\"https:\\\/\\\/www.melchers.de\\\/wp-content\\\/uploads\\\/2025\\\/12\\\/hk_digitaler-aufkleber-wir-bilden-aus-2025-2026_3c.svg\"},{\"@type\":\"BreadcrumbList\",\"@id\":\"https:\\\/\\\/www.melchers.de\\\/karriere\\\/#breadcrumb\",\"itemListElement\":[{\"@type\":\"ListItem\",\"position\":1,\"name\":\"Home\",\"item\":\"https:\\\/\\\/www.melchers.de\\\/\"},{\"@type\":\"ListItem\",\"position\":2,\"name\":\"Karriere\"}]},{\"@type\":\"WebSite\",\"@id\":\"https:\\\/\\\/www.melchers.de\\\/#website\",\"url\":\"https:\\\/\\\/www.melchers.de\\\/\",\"name\":\"C. Melchers GmbH &amp; Co. KG\",\"description\":\"\",\"publisher\":{\"@id\":\"https:\\\/\\\/www.melchers.de\\\/#organization\"},\"potentialAction\":[{\"@type\":\"SearchAction\",\"target\":{\"@type\":\"EntryPoint\",\"urlTemplate\":\"https:\\\/\\\/www.melchers.de\\\/?s={search_term_string}\"},\"query-input\":{\"@type\":\"PropertyValueSpecification\",\"valueRequired\":true,\"valueName\":\"search_term_string\"}}],\"inLanguage\":\"en-US\"},{\"@type\":\"Organization\",\"@id\":\"https:\\\/\\\/www.melchers.de\\\/#organization\",\"name\":\"C. Melchers GmbH &amp; Co. KG\",\"url\":\"https:\\\/\\\/www.melchers.de\\\/\",\"logo\":{\"@type\":\"ImageObject\",\"inLanguage\":\"en-US\",\"@id\":\"https:\\\/\\\/www.melchers.de\\\/#\\\/schema\\\/logo\\\/image\\\/\",\"url\":\"https:\\\/\\\/www.melchers.de\\\/wp-content\\\/uploads\\\/2024\\\/04\\\/Melchers_Logo_2021_RGB_RZ.png\",\"contentUrl\":\"https:\\\/\\\/www.melchers.de\\\/wp-content\\\/uploads\\\/2024\\\/04\\\/Melchers_Logo_2021_RGB_RZ.png\",\"width\":1000,\"height\":410,\"caption\":\"C. Melchers GmbH &amp; Co. KG\"},\"image\":{\"@id\":\"https:\\\/\\\/www.melchers.de\\\/#\\\/schema\\\/logo\\\/image\\\/\"}}]}<\/script>\n<!-- \/ Yoast SEO plugin. -->","yoast_head_json":{"title":"Career | Melchers","description":"Global career opportunities | Exciting perspectives | Career opportunities in the Melchers Group | Melchers","robots":{"index":"index","follow":"follow","max-snippet":"max-snippet:-1","max-image-preview":"max-image-preview:large","max-video-preview":"max-video-preview:-1"},"canonical":"https:\/\/www.melchers.de\/en\/career\/","og_locale":"en_US","og_type":"article","og_title":"Karriere | Melchers","og_description":"Weltweite Karrierechancen und spannende Perspektiven: Informieren Sie sich hier \u00fcber die Karrierem\u00f6glichkeiten der Melchers Gruppe.","og_url":"https:\/\/www.melchers.de\/en\/career\/","og_site_name":"C. Melchers GmbH &amp; Co. KG","article_modified_time":"2025-12-12T07:10:07+00:00","og_image":[{"width":500,"height":470,"url":"https:\/\/www.melchers.de\/wp-content\/uploads\/2024\/04\/Melchers_Bildmarke_2021_RGB_RZ.png","type":"image\/png"}],"twitter_card":"summary_large_image","twitter_misc":{"Est. reading time":"1 minute"},"schema":{"@context":"https:\/\/schema.org","@graph":[{"@type":"WebPage","@id":"https:\/\/www.melchers.de\/karriere\/","url":"https:\/\/www.melchers.de\/karriere\/","name":"Career | Melchers","isPartOf":{"@id":"https:\/\/www.melchers.de\/#website"},"primaryImageOfPage":{"@id":"https:\/\/www.melchers.de\/karriere\/#primaryimage"},"image":{"@id":"https:\/\/www.melchers.de\/karriere\/#primaryimage"},"thumbnailUrl":"https:\/\/www.melchers.de\/wp-content\/uploads\/2025\/12\/hk_digitaler-aufkleber-wir-bilden-aus-2025-2026_3c.svg","datePublished":"2024-04-21T14:51:24+00:00","dateModified":"2025-12-12T07:10:07+00:00","description":"Global career opportunities | Exciting perspectives | Career opportunities in the Melchers Group | Melchers","breadcrumb":{"@id":"https:\/\/www.melchers.de\/karriere\/#breadcrumb"},"inLanguage":"en-US","potentialAction":[{"@type":"ReadAction","target":["https:\/\/www.melchers.de\/karriere\/"]}]},{"@type":"ImageObject","inLanguage":"en-US","@id":"https:\/\/www.melchers.de\/karriere\/#primaryimage","url":"https:\/\/www.melchers.de\/wp-content\/uploads\/2025\/12\/hk_digitaler-aufkleber-wir-bilden-aus-2025-2026_3c.svg","contentUrl":"https:\/\/www.melchers.de\/wp-content\/uploads\/2025\/12\/hk_digitaler-aufkleber-wir-bilden-aus-2025-2026_3c.svg"},{"@type":"BreadcrumbList","@id":"https:\/\/www.melchers.de\/karriere\/#breadcrumb","itemListElement":[{"@type":"ListItem","position":1,"name":"Home","item":"https:\/\/www.melchers.de\/"},{"@type":"ListItem","position":2,"name":"Karriere"}]},{"@type":"WebSite","@id":"https:\/\/www.melchers.de\/#website","url":"https:\/\/www.melchers.de\/","name":"C. Melchers GmbH &amp; Co. KG","description":"","publisher":{"@id":"https:\/\/www.melchers.de\/#organization"},"potentialAction":[{"@type":"SearchAction","target":{"@type":"EntryPoint","urlTemplate":"https:\/\/www.melchers.de\/?s={search_term_string}"},"query-input":{"@type":"PropertyValueSpecification","valueRequired":true,"valueName":"search_term_string"}}],"inLanguage":"en-US"},{"@type":"Organization","@id":"https:\/\/www.melchers.de\/#organization","name":"C. Melchers GmbH &amp; Co. KG","url":"https:\/\/www.melchers.de\/","logo":{"@type":"ImageObject","inLanguage":"en-US","@id":"https:\/\/www.melchers.de\/#\/schema\/logo\/image\/","url":"https:\/\/www.melchers.de\/wp-content\/uploads\/2024\/04\/Melchers_Logo_2021_RGB_RZ.png","contentUrl":"https:\/\/www.melchers.de\/wp-content\/uploads\/2024\/04\/Melchers_Logo_2021_RGB_RZ.png","width":1000,"height":410,"caption":"C. Melchers GmbH &amp; Co. KG"},"image":{"@id":"https:\/\/www.melchers.de\/#\/schema\/logo\/image\/"}}]}},"_links":{"self":[{"href":"https:\/\/www.melchers.de\/en\/wp-json\/wp\/v2\/pages\/177","targetHints":{"allow":["GET"]}}],"collection":[{"href":"https:\/\/www.melchers.de\/en\/wp-json\/wp\/v2\/pages"}],"about":[{"href":"https:\/\/www.melchers.de\/en\/wp-json\/wp\/v2\/types\/page"}],"author":[{"embeddable":true,"href":"https:\/\/www.melchers.de\/en\/wp-json\/wp\/v2\/users\/6"}],"replies":[{"embeddable":true,"href":"https:\/\/www.melchers.de\/en\/wp-json\/wp\/v2\/comments?post=177"}],"version-history":[{"count":175,"href":"https:\/\/www.melchers.de\/en\/wp-json\/wp\/v2\/pages\/177\/revisions"}],"predecessor-version":[{"id":6872,"href":"https:\/\/www.melchers.de\/en\/wp-json\/wp\/v2\/pages\/177\/revisions\/6872"}],"wp:attachment":[{"href":"https:\/\/www.melchers.de\/en\/wp-json\/wp\/v2\/media?parent=177"}],"curies":[{"name":"wp","href":"https:\/\/api.w.org\/{rel}","templated":true}]}}