{"id":5371,"date":"2025-05-27T09:25:24","date_gmt":"2025-05-27T09:25:24","guid":{"rendered":"https:\/\/melchers.de\/?page_id=5371"},"modified":"2025-08-07T04:13:38","modified_gmt":"2025-08-07T04:13:38","slug":"immobilien","status":"publish","type":"page","link":"https:\/\/www.melchers.de\/en\/immobilien\/","title":{"rendered":"Immobilien"},"content":{"rendered":"<div data-elementor-type=\"wp-page\" data-elementor-id=\"5371\" class=\"elementor elementor-5371\" data-elementor-post-type=\"page\">\n\t\t\t\t<div class=\"elementor-element elementor-element-5cbe6b5 e-con-full e-flex e-con e-parent\" data-id=\"5cbe6b5\" data-element_type=\"container\" data-e-type=\"container\" data-settings=\"{&quot;background_background&quot;:&quot;classic&quot;}\">\n\t\t<div class=\"elementor-element elementor-element-04891d8 e-con-full e-flex e-con e-child\" data-id=\"04891d8\" data-element_type=\"container\" data-e-type=\"container\" data-settings=\"{&quot;background_background&quot;:&quot;classic&quot;}\">\n\t\t\t\t<div class=\"elementor-element elementor-element-7c4b6cd elementor-widget elementor-widget-heading\" data-id=\"7c4b6cd\" data-element_type=\"widget\" data-e-type=\"widget\" data-widget_type=\"heading.default\">\n\t\t\t\t<div class=\"elementor-widget-container\">\n\t\t\t\t\t<h1 class=\"elementor-heading-title elementor-size-default\">MELCHERS IMMOBILIEN GMBH<\/h1>\t\t\t\t<\/div>\n\t\t\t\t<\/div>\n\t\t\t\t<\/div>\n\t\t\t\t<\/div>\n\t\t<div class=\"elementor-element elementor-element-7a45c50 e-con-full e-flex e-con e-parent\" data-id=\"7a45c50\" data-element_type=\"container\" data-e-type=\"container\" data-settings=\"{&quot;background_background&quot;:&quot;classic&quot;}\">\n\t\t<div class=\"elementor-element elementor-element-0dce04f e-con-full e-flex e-con e-child\" data-id=\"0dce04f\" data-element_type=\"container\" data-e-type=\"container\">\n\t\t\t\t<div class=\"elementor-element elementor-element-4c9f28c elementor-widget elementor-widget-text-editor\" data-id=\"4c9f28c\" data-element_type=\"widget\" data-e-type=\"widget\" data-widget_type=\"text-editor.default\">\n\t\t\t\t<div class=\"elementor-widget-container\">\n\t\t\t\t\t\t\t\t\t<p>In addition to our experience and expertise, our success is based on our openness. We are not committed to specific sectors but adapt our business flexibly to local economic and cultural conditions. We know very well what the different markets need to be able to evolve and respond with tailor-made solutions, according to our customers' wishes.<\/p><p class=\"translation-block\">The <strong>objective<\/strong> is to set up and manage a real estate portfolio of commercial real estate in Germany for its own portfolio.\n\nFor this we are constantly looking for new investment opportunities, mainly in the areas of retail, logistics and office as inventory or project development.<\/p><p><strong>REQUIREMENTS \u2013 RETAIL\/ RETAIL PARKS<\/strong><\/p><p>In retail, we invest in cities with 100,000 or more inhabitants, with a focus on West Germany. In mixed-use commercial buildings, we value A and B locations in pedestrian areas from a retail point of view. In retail parks, a grocer\/discounter as an anchor tenant is mandatory.<\/p><p><strong>REQUIREMENTS - LOGISTICS\/ LIGHT INDUSTRIAL<\/strong><\/p><p>In logistics, we invest in sustainable areas with good connections to the transport infrastructures, with a focus on West Germany. The objects should have at least an area of approx. 1,000m\u00b2 - 20,000m\u00b2.<\/p><p><strong>REQUIREMENTS - OFFICE<\/strong><\/p><p>In the office sector, we invest in cities with more than 100,000 inhabitants, with a focus on West Germany. The preferred locations are A and B locations in the respective submarkets. The objects should have at least a rentable area of approx. 3,000m\u00b2.<\/p><p>For further questions and offers, we are at your disposal.<\/p><p><strong>Contact<br \/><\/strong>Maren Essigke<br \/>E-Mail: <a href=\"mailto:immobilien@melchers.de\" target=\"_blank\" rel=\"noopener\">immobilien@melchers.de<\/a> <br \/>Phone: +49 421 17 69 12 64<\/p>\t\t\t\t\t\t\t\t<\/div>\n\t\t\t\t<\/div>\n\t\t\t\t<\/div>\n\t\t\t\t<\/div>\n\t\t\t\t<\/div>","protected":false},"excerpt":{"rendered":"<p>MELCHERS IMMOBILIEN GMBH Unser Erfolg beruht neben unserer Erfahrung und Kompetenz auf unserer Offenheit. Wir sind nicht festgelegt auf bestimmte Branchen, sondern passen unsere Unternehmungen flexibel den lokalen wirtschaftlichen und kulturellen Gegebenheiten an. Wir wissen sehr genau, was die verschiedenen M\u00e4rkte brauchen, um sich weiterentwickeln zu k\u00f6nnen und reagieren darauf mit ma\u00dfgeschneiderten Angeboten, ganz nach [&hellip;]<\/p>\n","protected":false},"author":6,"featured_media":0,"parent":0,"menu_order":0,"comment_status":"closed","ping_status":"closed","template":"","meta":{"_acf_changed":false,"content-type":"","footnotes":""},"class_list":["post-5371","page","type-page","status-publish","hentry"],"acf":[],"yoast_head":"<!-- This site is optimized with the Yoast SEO plugin v27.3 - https:\/\/yoast.com\/product\/yoast-seo-wordpress\/ -->\n<title>Ihr Immobilien Partner | Melchers Immobilen GmbH<\/title>\n<meta name=\"description\" content=\"B\u00fcrofl\u00e4chen | Einzelhandel | Logistik | Light Industrial | Immobilienportfolio | Anforderungsprofile | Melchers Immobilien GmbH\" \/>\n<meta name=\"robots\" content=\"index, follow, max-snippet:-1, max-image-preview:large, max-video-preview:-1\" \/>\n<link rel=\"canonical\" href=\"https:\/\/www.melchers.de\/en\/immobilien\/\" \/>\n<meta property=\"og:locale\" content=\"en_US\" \/>\n<meta property=\"og:type\" content=\"article\" \/>\n<meta property=\"og:title\" content=\"Ihr Immobilien Partner | Melchers Immobilen GmbH\" \/>\n<meta property=\"og:description\" content=\"B\u00fcrofl\u00e4chen | Einzelhandel | Logistik | Light Industrial | Immobilienportfolio | Anforderungsprofile | Melchers Immobilien GmbH\" \/>\n<meta property=\"og:url\" content=\"https:\/\/www.melchers.de\/en\/immobilien\/\" \/>\n<meta property=\"og:site_name\" content=\"C. Melchers GmbH &amp; Co. KG\" \/>\n<meta property=\"article:modified_time\" content=\"2025-08-07T04:13:38+00:00\" \/>\n<meta name=\"twitter:card\" content=\"summary_large_image\" \/>\n<meta name=\"twitter:label1\" content=\"Est. reading time\" \/>\n\t<meta name=\"twitter:data1\" content=\"2 minutes\" \/>\n<script type=\"application\/ld+json\" class=\"yoast-schema-graph\">{\"@context\":\"https:\\\/\\\/schema.org\",\"@graph\":[{\"@type\":\"WebPage\",\"@id\":\"https:\\\/\\\/www.melchers.de\\\/immobilien\\\/\",\"url\":\"https:\\\/\\\/www.melchers.de\\\/immobilien\\\/\",\"name\":\"Ihr Immobilien Partner | Melchers Immobilen GmbH\",\"isPartOf\":{\"@id\":\"https:\\\/\\\/www.melchers.de\\\/#website\"},\"datePublished\":\"2025-05-27T09:25:24+00:00\",\"dateModified\":\"2025-08-07T04:13:38+00:00\",\"description\":\"B\u00fcrofl\u00e4chen | Einzelhandel | Logistik | Light Industrial | Immobilienportfolio | Anforderungsprofile | Melchers Immobilien GmbH\",\"breadcrumb\":{\"@id\":\"https:\\\/\\\/www.melchers.de\\\/immobilien\\\/#breadcrumb\"},\"inLanguage\":\"en-US\",\"potentialAction\":[{\"@type\":\"ReadAction\",\"target\":[\"https:\\\/\\\/www.melchers.de\\\/immobilien\\\/\"]}]},{\"@type\":\"BreadcrumbList\",\"@id\":\"https:\\\/\\\/www.melchers.de\\\/immobilien\\\/#breadcrumb\",\"itemListElement\":[{\"@type\":\"ListItem\",\"position\":1,\"name\":\"Home\",\"item\":\"https:\\\/\\\/www.melchers.de\\\/\"},{\"@type\":\"ListItem\",\"position\":2,\"name\":\"Immobilien\"}]},{\"@type\":\"WebSite\",\"@id\":\"https:\\\/\\\/www.melchers.de\\\/#website\",\"url\":\"https:\\\/\\\/www.melchers.de\\\/\",\"name\":\"C. Melchers GmbH &amp; Co. KG\",\"description\":\"\",\"publisher\":{\"@id\":\"https:\\\/\\\/www.melchers.de\\\/#organization\"},\"potentialAction\":[{\"@type\":\"SearchAction\",\"target\":{\"@type\":\"EntryPoint\",\"urlTemplate\":\"https:\\\/\\\/www.melchers.de\\\/?s={search_term_string}\"},\"query-input\":{\"@type\":\"PropertyValueSpecification\",\"valueRequired\":true,\"valueName\":\"search_term_string\"}}],\"inLanguage\":\"en-US\"},{\"@type\":\"Organization\",\"@id\":\"https:\\\/\\\/www.melchers.de\\\/#organization\",\"name\":\"C. Melchers GmbH &amp; Co. KG\",\"url\":\"https:\\\/\\\/www.melchers.de\\\/\",\"logo\":{\"@type\":\"ImageObject\",\"inLanguage\":\"en-US\",\"@id\":\"https:\\\/\\\/www.melchers.de\\\/#\\\/schema\\\/logo\\\/image\\\/\",\"url\":\"https:\\\/\\\/www.melchers.de\\\/wp-content\\\/uploads\\\/2024\\\/04\\\/Melchers_Logo_2021_RGB_RZ.png\",\"contentUrl\":\"https:\\\/\\\/www.melchers.de\\\/wp-content\\\/uploads\\\/2024\\\/04\\\/Melchers_Logo_2021_RGB_RZ.png\",\"width\":1000,\"height\":410,\"caption\":\"C. Melchers GmbH &amp; Co. KG\"},\"image\":{\"@id\":\"https:\\\/\\\/www.melchers.de\\\/#\\\/schema\\\/logo\\\/image\\\/\"}}]}<\/script>\n<!-- \/ Yoast SEO plugin. -->","yoast_head_json":{"title":"Ihr Immobilien Partner | Melchers Immobilen GmbH","description":"Office space | Retail | Logistics | Light Industrial | Property portfolio | Requirement profiles | Melchers Immobilien GmbH","robots":{"index":"index","follow":"follow","max-snippet":"max-snippet:-1","max-image-preview":"max-image-preview:large","max-video-preview":"max-video-preview:-1"},"canonical":"https:\/\/www.melchers.de\/en\/immobilien\/","og_locale":"en_US","og_type":"article","og_title":"Ihr Immobilien Partner | Melchers Immobilen GmbH","og_description":"B\u00fcrofl\u00e4chen | Einzelhandel | Logistik | Light Industrial | Immobilienportfolio | Anforderungsprofile | Melchers Immobilien GmbH","og_url":"https:\/\/www.melchers.de\/en\/immobilien\/","og_site_name":"C. Melchers GmbH &amp; Co. KG","article_modified_time":"2025-08-07T04:13:38+00:00","twitter_card":"summary_large_image","twitter_misc":{"Est. reading time":"2 minutes"},"schema":{"@context":"https:\/\/schema.org","@graph":[{"@type":"WebPage","@id":"https:\/\/www.melchers.de\/immobilien\/","url":"https:\/\/www.melchers.de\/immobilien\/","name":"Ihr Immobilien Partner | Melchers Immobilen GmbH","isPartOf":{"@id":"https:\/\/www.melchers.de\/#website"},"datePublished":"2025-05-27T09:25:24+00:00","dateModified":"2025-08-07T04:13:38+00:00","description":"Office space | Retail | Logistics | Light Industrial | Property portfolio | Requirement profiles | Melchers Immobilien GmbH","breadcrumb":{"@id":"https:\/\/www.melchers.de\/immobilien\/#breadcrumb"},"inLanguage":"en-US","potentialAction":[{"@type":"ReadAction","target":["https:\/\/www.melchers.de\/immobilien\/"]}]},{"@type":"BreadcrumbList","@id":"https:\/\/www.melchers.de\/immobilien\/#breadcrumb","itemListElement":[{"@type":"ListItem","position":1,"name":"Home","item":"https:\/\/www.melchers.de\/"},{"@type":"ListItem","position":2,"name":"Immobilien"}]},{"@type":"WebSite","@id":"https:\/\/www.melchers.de\/#website","url":"https:\/\/www.melchers.de\/","name":"C. Melchers GmbH &amp; Co. KG","description":"","publisher":{"@id":"https:\/\/www.melchers.de\/#organization"},"potentialAction":[{"@type":"SearchAction","target":{"@type":"EntryPoint","urlTemplate":"https:\/\/www.melchers.de\/?s={search_term_string}"},"query-input":{"@type":"PropertyValueSpecification","valueRequired":true,"valueName":"search_term_string"}}],"inLanguage":"en-US"},{"@type":"Organization","@id":"https:\/\/www.melchers.de\/#organization","name":"C. Melchers GmbH &amp; Co. KG","url":"https:\/\/www.melchers.de\/","logo":{"@type":"ImageObject","inLanguage":"en-US","@id":"https:\/\/www.melchers.de\/#\/schema\/logo\/image\/","url":"https:\/\/www.melchers.de\/wp-content\/uploads\/2024\/04\/Melchers_Logo_2021_RGB_RZ.png","contentUrl":"https:\/\/www.melchers.de\/wp-content\/uploads\/2024\/04\/Melchers_Logo_2021_RGB_RZ.png","width":1000,"height":410,"caption":"C. Melchers GmbH &amp; Co. KG"},"image":{"@id":"https:\/\/www.melchers.de\/#\/schema\/logo\/image\/"}}]}},"_links":{"self":[{"href":"https:\/\/www.melchers.de\/en\/wp-json\/wp\/v2\/pages\/5371","targetHints":{"allow":["GET"]}}],"collection":[{"href":"https:\/\/www.melchers.de\/en\/wp-json\/wp\/v2\/pages"}],"about":[{"href":"https:\/\/www.melchers.de\/en\/wp-json\/wp\/v2\/types\/page"}],"author":[{"embeddable":true,"href":"https:\/\/www.melchers.de\/en\/wp-json\/wp\/v2\/users\/6"}],"replies":[{"embeddable":true,"href":"https:\/\/www.melchers.de\/en\/wp-json\/wp\/v2\/comments?post=5371"}],"version-history":[{"count":28,"href":"https:\/\/www.melchers.de\/en\/wp-json\/wp\/v2\/pages\/5371\/revisions"}],"predecessor-version":[{"id":6001,"href":"https:\/\/www.melchers.de\/en\/wp-json\/wp\/v2\/pages\/5371\/revisions\/6001"}],"wp:attachment":[{"href":"https:\/\/www.melchers.de\/en\/wp-json\/wp\/v2\/media?parent=5371"}],"curies":[{"name":"wp","href":"https:\/\/api.w.org\/{rel}","templated":true}]}}